{"id":1451,"date":"2023-08-03T10:40:52","date_gmt":"2023-08-03T08:40:52","guid":{"rendered":"https:\/\/equinoxconsulting.pl\/inspirations\/"},"modified":"2025-02-20T12:15:49","modified_gmt":"2025-02-20T11:15:49","slug":"inspirations","status":"publish","type":"page","link":"https:\/\/equinoxconsulting.pl\/en\/inspirations\/","title":{"rendered":"Inspirations"},"content":{"rendered":"\t\t<div data-elementor-type=\"wp-page\" data-elementor-id=\"1451\" class=\"elementor elementor-1451 elementor-74\" data-elementor-post-type=\"page\">\n\t\t\t\t\t\t<div class=\"elementor-section elementor-top-section elementor-element elementor-element-355ea4d pbmit-col-stretched-none pbmit-cursor-color-blackish-color pbmit-bg-color-over-image elementor-section-boxed elementor-section-height-default elementor-section-height-default\" data-id=\"355ea4d\" data-element_type=\"section\" data-e-type=\"section\">\n\t\t\t\t\t\t<div class=\"elementor-container elementor-column-gap-no\">\n\t\t\t\t\t<div class=\"elementor-column elementor-col-100 elementor-top-column elementor-element elementor-element-5cfbe5c pbmit-bg-color-over-image\" data-id=\"5cfbe5c\" data-element_type=\"column\" data-e-type=\"column\">\n\t\t\t<div class=\"elementor-widget-wrap elementor-element-populated\">\n\t\t\t\t\t\t<div class=\"elementor-element elementor-element-e979910 pbmit-align-left elementor-widget elementor-widget-pbmit_blog_element\" data-id=\"e979910\" data-element_type=\"widget\" data-e-type=\"widget\" data-widget_type=\"pbmit_blog_element.default\">\n\t\t\t\t<div class=\"elementor-widget-container\">\n\t\t\t\t\t\r\n\t\t\r\n\t\t<div class=\"pbminfotech-element\r\n\t\tpbminfotech-element-blog\t\tpbmit-element-blog-style-1\t\tpbmit-element-viewtype-masonry\t\tpbmit-element-column-three\t\tpbmit-element-sticky-carousel-false\t\tpbmit-element-caroursel-dot-false\t\tpbmit-infinite-scroll-yes\t\tpbmit-infinite-scroll-button-yes\t\tpbminfotech-gap-default\t\t\"\r\n\r\n\t\tdata-cpt=\"blog\"\r\n\t\tdata-totalpagination=\"1\"\r\n\t\tdata-style=\"1\"\r\n\t\tdata-show=\"3\"\r\n\t\tdata-columns=\"3\"\r\n\t\tdata-loop=\"false\"\r\n\t\tdata-autoplay=\"false\"\r\n\t\tdata-center=\"false\"\r\n\t\tdata-nav=\"false\"\r\n\t\tdata-dots=\"false\"\r\n\t\tdata-reverse=\"false\"\r\n\t\tdata-speed=\"1000\"\r\n\t\tdata-delay=\"4000\"\r\n\t\tdata-margin=\"default\"\r\n\t\tdata-show-portion=\"false\">\r\n\r\n\t\t<div class=\"pbmit-element-inner\">\r\n\t\t\t\r\n\t\t\r\n\t\t<div class=\"pbmit-ele-header-area\">\r\n\t\t\t <div class=\"pbmit-heading-subheading pbmit-heading-subheading-style-1 \"><\/div>\t\t\t\t\t<\/div>\r\n\t\t\r\n\t\t<div class=\"pbmit-infinite-scroll-data\">{\"cpt\":\"blog\",\"style\":\"1\",\"columns\":\"3\",\"show\":3,\"order\":\"DESC\",\"orderby\":\"none\"}<\/div>\r\n\t\t\t<div class=\"pbmit-element-posts-wrapper row multi-columns-row \">\r\n\r\n\t\t\t\t\t\r\n\t\t\t\t\t<article class=\"pbmit-ele pbmit-ele-blog pbmit-blog-style-1 col-md-4 business-en pbmit-term-77 pbmit-odd pbmit-col-odd\"><div class=\"post-item\">\r\n\t<div class=\"pbmit-featured-container\">\r\n\t\t<div class=\"pbmit-featured-img-wrapper\"><div class=\"pbmit-featured-wrapper\"><a href=\"https:\/\/equinoxconsulting.pl\/en\/2024\/08\/03\/equinox-in-business\/\"><img fetchpriority=\"high\" decoding=\"async\" width=\"770\" height=\"492\" src=\"https:\/\/equinoxconsulting.pl\/wp-content\/uploads\/2024\/09\/MONIKA_0134-770x492.jpg\" class=\"attachment-pbmit-img-770x492 size-pbmit-img-770x492 wp-post-image\" alt=\"\" \/><\/a><\/div><\/div>\t\t<a href=\"https:\/\/equinoxconsulting.pl\/en\/2024\/08\/03\/equinox-in-business\/\" class=\"pbmit-link\"><\/a>\r\n\t<\/div>\r\n\t<div class=\"pbminfotech-box-content\">\r\n\t\t<div class=\"pbmit-meta-cat-wrapper pbmit-meta-line d-flex align-items-center\">\r\n\t\t\t<div class=\"pbmit-meta-category\"><a href=\"https:\/\/equinoxconsulting.pl\/en\/category\/business-en\/\" rel=\"category tag\">Business<\/a><\/div>\r\n\t\t\t<div class=\"pbmit-meta-date\">\r\n\t\t\t\t<span class=\"pbmit-date-wrap\">Aug 03, 2024<\/span>\r\n\t\t\t<\/div>\r\n\t\t<\/div>\r\n\t\t<h3 class=\"pbmit-post-title\"><a href=\"https:\/\/equinoxconsulting.pl\/en\/2024\/08\/03\/equinox-in-business\/\">Equinox in Business<\/a><\/h3>\r\n\t\t<div class=\"pbminfotech-box-desc\">\r\n            The equinox in nature happens twice a year, and all the rest of&hellip;        <\/div>\r\n\t\t<div class=\"pbmit-svg-btn\">\r\n\t\t\t<a class=\"btn-arrow\" href=\"https:\/\/equinoxconsulting.pl\/en\/2024\/08\/03\/equinox-in-business\/\">Read More\t\t\t\t<svg class=\"pbmit-svg-arrow\" xmlns=\"http:\/\/www.w3.org\/2000\/svg\" xmlns:xlink=\"http:\/\/www.w3.org\/1999\/xlink\" x=\"0px\" y=\"0px\" width=\"10\" height=\"19\" viewBox=\"0 0 19 19\" xml:space=\"preserve\">\r\n\t\t\t\t\t<line x1=\"1\" y1=\"18\" x2=\"17.8\" y2=\"1.2\"><\/line>\r\n\t\t\t\t\t<line x1=\"1.2\" y1=\"1\" x2=\"18\" y2=\"1\"><\/line>\r\n\t\t\t\t\t<line x1=\"18\" y1=\"17.8\" x2=\"18\" y2=\"1\"><\/line>\r\n\t\t\t\t<\/svg>\r\n\t\t\t<\/a>\r\n\t\t<\/div>\r\n\t<\/div>\r\n<\/div>\r\n<\/article><article class=\"pbmit-ele pbmit-ele-blog pbmit-blog-style-1 col-md-4 finance-en pbmit-term-79 business-en pbmit-term-77 pbmit-even pbmit-col-odd\"><div class=\"post-item\">\r\n\t<div class=\"pbmit-featured-container\">\r\n\t\t<div class=\"pbmit-featured-img-wrapper\"><div class=\"pbmit-featured-wrapper\"><a href=\"https:\/\/equinoxconsulting.pl\/en\/2024\/08\/14\/the-way-of-the-leader\/\"><img decoding=\"async\" width=\"770\" height=\"762\" src=\"https:\/\/equinoxconsulting.pl\/wp-content\/uploads\/2023\/07\/MONIKA_0167-770x762.jpg\" class=\"attachment-pbmit-img-770x762 size-pbmit-img-770x762 wp-post-image\" alt=\"\" \/><\/a><\/div><\/div>\t\t<a href=\"https:\/\/equinoxconsulting.pl\/en\/2024\/08\/14\/the-way-of-the-leader\/\" class=\"pbmit-link\"><\/a>\r\n\t<\/div>\r\n\t<div class=\"pbminfotech-box-content\">\r\n\t\t<div class=\"pbmit-meta-cat-wrapper pbmit-meta-line d-flex align-items-center\">\r\n\t\t\t<div class=\"pbmit-meta-category\"><a href=\"https:\/\/equinoxconsulting.pl\/en\/category\/finance-en\/\" rel=\"category tag\">Finance<\/a>, <a href=\"https:\/\/equinoxconsulting.pl\/en\/category\/business-en\/\" rel=\"category tag\">Business<\/a><\/div>\r\n\t\t\t<div class=\"pbmit-meta-date\">\r\n\t\t\t\t<span class=\"pbmit-date-wrap\">Aug 14, 2024<\/span>\r\n\t\t\t<\/div>\r\n\t\t<\/div>\r\n\t\t<h3 class=\"pbmit-post-title\"><a href=\"https:\/\/equinoxconsulting.pl\/en\/2024\/08\/14\/the-way-of-the-leader\/\">The Path of the Leader<\/a><\/h3>\r\n\t\t<div class=\"pbminfotech-box-desc\">\r\n            Your company's finances are the result of many factors - how people and&hellip;        <\/div>\r\n\t\t<div class=\"pbmit-svg-btn\">\r\n\t\t\t<a class=\"btn-arrow\" href=\"https:\/\/equinoxconsulting.pl\/en\/2024\/08\/14\/the-way-of-the-leader\/\">Read More\t\t\t\t<svg class=\"pbmit-svg-arrow\" xmlns=\"http:\/\/www.w3.org\/2000\/svg\" xmlns:xlink=\"http:\/\/www.w3.org\/1999\/xlink\" x=\"0px\" y=\"0px\" width=\"10\" height=\"19\" viewBox=\"0 0 19 19\" xml:space=\"preserve\">\r\n\t\t\t\t\t<line x1=\"1\" y1=\"18\" x2=\"17.8\" y2=\"1.2\"><\/line>\r\n\t\t\t\t\t<line x1=\"1.2\" y1=\"1\" x2=\"18\" y2=\"1\"><\/line>\r\n\t\t\t\t\t<line x1=\"18\" y1=\"17.8\" x2=\"18\" y2=\"1\"><\/line>\r\n\t\t\t\t<\/svg>\r\n\t\t\t<\/a>\r\n\t\t<\/div>\r\n\t<\/div>\r\n<\/div>\r\n<\/article><article class=\"pbmit-ele pbmit-ele-blog pbmit-blog-style-1 col-md-4 finance-en pbmit-term-79 business-en pbmit-term-77 pbmit-odd pbmit-col-odd\"><div class=\"post-item\">\r\n\t<div class=\"pbmit-featured-container\">\r\n\t\t<div class=\"pbmit-featured-img-wrapper\"><div class=\"pbmit-featured-wrapper\"><a href=\"https:\/\/equinoxconsulting.pl\/en\/2024\/08\/28\/my-manifesto\/\"><img decoding=\"async\" width=\"770\" height=\"492\" src=\"https:\/\/equinoxconsulting.pl\/wp-content\/uploads\/2023\/07\/MONIKA_0013-770x492.jpg\" class=\"attachment-pbmit-img-770x492 size-pbmit-img-770x492 wp-post-image\" alt=\"\" \/><\/a><\/div><\/div>\t\t<a href=\"https:\/\/equinoxconsulting.pl\/en\/2024\/08\/28\/my-manifesto\/\" class=\"pbmit-link\"><\/a>\r\n\t<\/div>\r\n\t<div class=\"pbminfotech-box-content\">\r\n\t\t<div class=\"pbmit-meta-cat-wrapper pbmit-meta-line d-flex align-items-center\">\r\n\t\t\t<div class=\"pbmit-meta-category\"><a href=\"https:\/\/equinoxconsulting.pl\/en\/category\/finance-en\/\" rel=\"category tag\">Finance<\/a>, <a href=\"https:\/\/equinoxconsulting.pl\/en\/category\/business-en\/\" rel=\"category tag\">Business<\/a><\/div>\r\n\t\t\t<div class=\"pbmit-meta-date\">\r\n\t\t\t\t<span class=\"pbmit-date-wrap\">Aug 28, 2024<\/span>\r\n\t\t\t<\/div>\r\n\t\t<\/div>\r\n\t\t<h3 class=\"pbmit-post-title\"><a href=\"https:\/\/equinoxconsulting.pl\/en\/2024\/08\/28\/my-manifesto\/\">My Manifesto<\/a><\/h3>\r\n\t\t<div class=\"pbminfotech-box-desc\">\r\n            The path to a healthy organization that delivers financial results, full of engaged&hellip;        <\/div>\r\n\t\t<div class=\"pbmit-svg-btn\">\r\n\t\t\t<a class=\"btn-arrow\" href=\"https:\/\/equinoxconsulting.pl\/en\/2024\/08\/28\/my-manifesto\/\">Read More\t\t\t\t<svg class=\"pbmit-svg-arrow\" xmlns=\"http:\/\/www.w3.org\/2000\/svg\" xmlns:xlink=\"http:\/\/www.w3.org\/1999\/xlink\" x=\"0px\" y=\"0px\" width=\"10\" height=\"19\" viewBox=\"0 0 19 19\" xml:space=\"preserve\">\r\n\t\t\t\t\t<line x1=\"1\" y1=\"18\" x2=\"17.8\" y2=\"1.2\"><\/line>\r\n\t\t\t\t\t<line x1=\"1.2\" y1=\"1\" x2=\"18\" y2=\"1\"><\/line>\r\n\t\t\t\t\t<line x1=\"18\" y1=\"17.8\" x2=\"18\" y2=\"1\"><\/line>\r\n\t\t\t\t<\/svg>\r\n\t\t\t<\/a>\r\n\t\t<\/div>\r\n\t<\/div>\r\n<\/div>\r\n<\/article>\r\n\t\t\t<\/div> <!-- .pbmit-element-posts-wrapper -->\r\n\r\n\t\t\t\r\n\t\t\t<div class=\"pbmit-ajax-load-more-btn\"><a href=\"#\">Load More<\/a><\/div><div class=\"pbmit-infinite-loader\"><img decoding=\"async\" src=\"https:\/\/equinoxconsulting.pl\/wp-content\/themes\/xcoach\/images\/three-dots.svg\" width=\"60\" alt=\"Loader\"><\/div>\r\n\t\t\t\t<div class=\"pbmit-infinite-scroll-last\">All content loaded<\/div>\r\n\t\t\t\r\n\r\n\t\t\r\n\t\t\r\n\t\t\t<\/div><!-- .pbmit-element-inner -->  \r\n\t\t<\/div><!-- .pbminfotech-element -->\r\n\r\n\t\r\n\t\t\t\t\t\t<\/div>\n\t\t\t\t<\/div>\n\t\t\t\t\t<\/div>\n\t\t<\/div>\n\t\t\t\t\t<\/div>\n\t\t<\/div>\n\t\t\t\t<\/div>\n\t\t","protected":false},"excerpt":{"rendered":"<p>{&#8220;cpt&#8221;:&#8221;blog&#8221;,&#8221;style&#8221;:&#8221;1&#8243;,&#8221;columns&#8221;:&#8221;3&#8243;,&#8221;show&#8221;:3,&#8221;order&#8221;:&#8221;DESC&#8221;,&#8221;orderby&#8221;:&#8221;none&#8221;} Business sie 03, 2024 Equinox w biznesie R\u00f3wnonoc w naturze (equinox) wydarza si\u0119 dwa razy w roku, a ca\u0142a reszta\u2026 Przeczytaj &nbsp; Business, Finance sie 14, 2024 Jak pracuj\u0119? Finanse Twojej firmy to wynikowa wielu czynnik\u00f3w &#8211; tego, jak traktowani s\u0105 ludzie\u2026 Przeczytaj &nbsp; Business, Finance sie 28, 2024 Moje manifesto Droga do zdrowej [&hellip;]<\/p>\n","protected":false},"author":1,"featured_media":0,"parent":0,"menu_order":6,"comment_status":"closed","ping_status":"closed","template":"","meta":{"_acf_changed":false,"inline_featured_image":false,"footnotes":""},"class_list":["post-1451","page","type-page","status-publish","hentry"],"acf":[],"_links":{"self":[{"href":"https:\/\/equinoxconsulting.pl\/en\/wp-json\/wp\/v2\/pages\/1451","targetHints":{"allow":["GET"]}}],"collection":[{"href":"https:\/\/equinoxconsulting.pl\/en\/wp-json\/wp\/v2\/pages"}],"about":[{"href":"https:\/\/equinoxconsulting.pl\/en\/wp-json\/wp\/v2\/types\/page"}],"author":[{"embeddable":true,"href":"https:\/\/equinoxconsulting.pl\/en\/wp-json\/wp\/v2\/users\/1"}],"replies":[{"embeddable":true,"href":"https:\/\/equinoxconsulting.pl\/en\/wp-json\/wp\/v2\/comments?post=1451"}],"version-history":[{"count":8,"href":"https:\/\/equinoxconsulting.pl\/en\/wp-json\/wp\/v2\/pages\/1451\/revisions"}],"predecessor-version":[{"id":1568,"href":"https:\/\/equinoxconsulting.pl\/en\/wp-json\/wp\/v2\/pages\/1451\/revisions\/1568"}],"wp:attachment":[{"href":"https:\/\/equinoxconsulting.pl\/en\/wp-json\/wp\/v2\/media?parent=1451"}],"curies":[{"name":"wp","href":"https:\/\/api.w.org\/{rel}","templated":true}]}}